{"id":749,"date":"2025-03-26T10:36:08","date_gmt":"2025-03-26T10:36:08","guid":{"rendered":"https:\/\/demsanhidrolik.com\/tr\/?page_id=749"},"modified":"2025-03-27T05:13:09","modified_gmt":"2025-03-27T05:13:09","slug":"timing-belt","status":"publish","type":"page","link":"https:\/\/demsanhidrolik.com\/tr\/timing-belt\/","title":{"rendered":"Zamanlama Kay\u0131\u015f\u0131"},"content":{"rendered":"<section class=\"l-section wpb_row us_custom_1be5d85c height_medium\"><div class=\"l-section-h i-cf\"><div class=\"g-cols vc_row via_grid cols_1 laptops-cols_inherit tablets-cols_inherit mobiles-cols_1 valign_top type_default stacking_default\"><div class=\"wpb_column vc_column_container us_custom_676829ba cats-columns has_bg_color\"><div class=\"vc_column-inner\"><div class=\"w-separator us_custom_24b690b2 demsan-top-border size_custom with_line width_30 thick_3 style_solid color_primary align_center\" style=\"height:\"><div class=\"w-separator-h\"><\/div><\/div><div class=\"g-cols wpb_row via_grid cols_2 laptops-cols_inherit tablets-cols_inherit mobiles-cols_1 valign_middle type_default stacking_default\" style=\"grid-gap:1rem;\"><div class=\"wpb_column vc_column_container\"><div class=\"vc_column-inner\"><div class=\"w-image align_none\"><a href=\"#\" aria-label=\"Ba\u011flant\u0131\" class=\"w-image-h\"><img loading=\"lazy\" decoding=\"async\" width=\"1024\" height=\"724\" src=\"https:\/\/demsanhidrolik.com\/tr\/wp-content\/uploads\/2024\/09\/22-scaled-1-1024x724.jpg\" class=\"attachment-large size-large\" alt=\"\" srcset=\"https:\/\/demsanhidrolik.com\/tr\/wp-content\/uploads\/2024\/09\/22-scaled-1-1024x724.jpg 1024w, https:\/\/demsanhidrolik.com\/tr\/wp-content\/uploads\/2024\/09\/22-scaled-1-300x212.jpg 300w, https:\/\/demsanhidrolik.com\/tr\/wp-content\/uploads\/2024\/09\/22-scaled-1-566x400.jpg 566w, https:\/\/demsanhidrolik.com\/tr\/wp-content\/uploads\/2024\/09\/22-scaled-1-600x424.jpg 600w, https:\/\/demsanhidrolik.com\/tr\/wp-content\/uploads\/2024\/09\/22-scaled-1-400x283.jpg 400w, https:\/\/demsanhidrolik.com\/tr\/wp-content\/uploads\/2024\/09\/22-scaled-1-200x141.jpg 200w, https:\/\/demsanhidrolik.com\/tr\/wp-content\/uploads\/2024\/09\/22-scaled-1-100x71.jpg 100w, https:\/\/demsanhidrolik.com\/tr\/wp-content\/uploads\/2024\/09\/22-scaled-1-80x57.jpg 80w, https:\/\/demsanhidrolik.com\/tr\/wp-content\/uploads\/2024\/09\/22-scaled-1-60x42.jpg 60w, https:\/\/demsanhidrolik.com\/tr\/wp-content\/uploads\/2024\/09\/22-scaled-1-50x35.jpg 50w, https:\/\/demsanhidrolik.com\/tr\/wp-content\/uploads\/2024\/09\/22-scaled-1-30x21.jpg 30w, https:\/\/demsanhidrolik.com\/tr\/wp-content\/uploads\/2024\/09\/22-scaled-1-20x14.jpg 20w, https:\/\/demsanhidrolik.com\/tr\/wp-content\/uploads\/2024\/09\/22-scaled-1-64x45.jpg 64w\" sizes=\"auto, (max-width: 1024px) 100vw, 1024px\" \/><\/a><\/div><\/div><\/div><div class=\"wpb_column vc_column_container us_custom_bb916b41\"><div class=\"vc_column-inner\"><div class=\"w-text us_custom_c3fd51e4 has_text_color\"><a href=\"#\" class=\"w-text-h\"><span class=\"w-text-value\"> Zamanlama Kay\u0131\u015f\u0131<\/span><\/a><\/div><\/div><\/div><\/div><div class=\"w-html us_custom_d2199d32\">\t\t<style>\n\t\t\t\n\t\t\t\t\t\t\t#searchwp-form-3 .swp-input,\n                #searchwp-form-3 .swp-select {\n                    border: 1px solid ;\n                    border-radius: 5px;\n                }\n\t\t\t\t#searchwp-form-3 .searchwp-form-input-container .swp-select {\n                    border-top-right-radius: 0;\n                    border-bottom-right-radius: 0;\n                    border-right: 0;\n                }\n\t\t\t\t#searchwp-form-3 .searchwp-form-input-container .swp-select + .swp-input {\n                    border-top-left-radius: 0;\n                    border-bottom-left-radius: 0;\n                }\n\t\t\t\t#searchwp-form-3 input[type=submit] {\n                    border-radius: 5px;\n                }\n\t\t\t\n\t\t\t\n\t\t\t\n\t\t\t\n\t\t\t\n\t\t\t\t\t\t\t#searchwp-form-3 input[type=submit] {\n                    background-color: transparent;\n                    border: 1px solid;\n                }\n\t\t\t\n\t\t\t\n\t\t\t\t\t<\/style>\n\t\t\t\t<form id=\"searchwp-form-3\" role=\"search\" method=\"get\" class=\"searchwp-form\" action=\"https:\/\/demsanhidrolik.com\/tr\/\">\n\t\t\t<input type=\"hidden\" name=\"swp_form[form_id]\" value=\"3\">\n\t\t\t<div class=\"swp-flex--col swp-flex--wrap swp-flex--gap-md\">\n\t\t\t\t<div class=\"swp-flex--row swp-items-stretch swp-flex--gap-md\">\n\t\t\t\t\t<div class=\"searchwp-form-input-container swp-items-stretch\">\n\t\t\t\t\t\t\n\t\t\t\t\t\t\t\t\t\t\t\t\t\t\t\t\t\t<input type=\"search\"\n                               class=\"swp-input--search swp-input\"\n\t\t\t\t\t\t       placeholder=\"Arama yapmak\"\n\t\t\t\t\t\t       value=\"\"\n                               name=\"swps\"\n\t\t\t\t\t\t       title=\"Arama yapmak\"\n\t\t\t\t\t\t\t                        \/>\n\t\t\t\t\t<\/div>\n\n\t\t\t\t\t\t\t\t\t\t\t<input type=\"submit\" class=\"search-submit swp-button\" value=\"Arama yapmak\"\/>\n\t\t\t\t\t\t\t\t\t\t<!-- custom code-->\t\n\n\t\t\t\t<\/div>\n\n\t\t\t\t\n\t\t\t\t\t\t\t<\/div>\n\t\t\t\t\t<\/form>\n\t\t<\/div><\/div><\/div><\/div><\/div><\/section>\n","protected":false},"excerpt":{"rendered":"","protected":false},"author":2,"featured_media":0,"parent":0,"menu_order":0,"comment_status":"closed","ping_status":"closed","template":"","meta":{"footnotes":""},"class_list":["post-749","page","type-page","status-publish","hentry"],"_links":{"self":[{"href":"https:\/\/demsanhidrolik.com\/tr\/wp-json\/wp\/v2\/pages\/749","targetHints":{"allow":["GET"]}}],"collection":[{"href":"https:\/\/demsanhidrolik.com\/tr\/wp-json\/wp\/v2\/pages"}],"about":[{"href":"https:\/\/demsanhidrolik.com\/tr\/wp-json\/wp\/v2\/types\/page"}],"author":[{"embeddable":true,"href":"https:\/\/demsanhidrolik.com\/tr\/wp-json\/wp\/v2\/users\/2"}],"replies":[{"embeddable":true,"href":"https:\/\/demsanhidrolik.com\/tr\/wp-json\/wp\/v2\/comments?post=749"}],"version-history":[{"count":2,"href":"https:\/\/demsanhidrolik.com\/tr\/wp-json\/wp\/v2\/pages\/749\/revisions"}],"predecessor-version":[{"id":751,"href":"https:\/\/demsanhidrolik.com\/tr\/wp-json\/wp\/v2\/pages\/749\/revisions\/751"}],"wp:attachment":[{"href":"https:\/\/demsanhidrolik.com\/tr\/wp-json\/wp\/v2\/media?parent=749"}],"curies":[{"name":"wp","href":"https:\/\/api.w.org\/{rel}","templated":true}]}}